{"id":201,"date":"2024-03-12T11:26:27","date_gmt":"2024-03-12T11:26:27","guid":{"rendered":"https:\/\/coop-utop.fr\/blog\/?page_id=201"},"modified":"2025-01-22T20:58:59","modified_gmt":"2025-01-22T20:58:59","slug":"ressources","status":"publish","type":"page","link":"https:\/\/coop-utop.fr\/blog\/ressources\/","title":{"rendered":"Partenaires"},"content":{"rendered":"\t\t<div data-elementor-type=\"wp-page\" data-elementor-id=\"201\" class=\"elementor elementor-201\" data-elementor-settings=\"{&quot;ha_cmc_init_switcher&quot;:&quot;no&quot;}\">\n\t\t\t\t\t\t<section class=\"elementor-section elementor-top-section elementor-element elementor-element-0f2c1d1 elementor-section-boxed elementor-section-height-default elementor-section-height-default\" data-id=\"0f2c1d1\" data-element_type=\"section\" data-e-type=\"section\" data-settings=\"{&quot;_ha_eqh_enable&quot;:false}\">\n\t\t\t\t\t\t<div class=\"elementor-container elementor-column-gap-default\">\n\t\t\t\t\t<div class=\"elementor-column elementor-col-100 elementor-top-column elementor-element elementor-element-79c4cf8\" data-id=\"79c4cf8\" data-element_type=\"column\" data-e-type=\"column\">\n\t\t\t<div class=\"elementor-widget-wrap elementor-element-populated\">\n\t\t\t\t\t\t<div class=\"elementor-element elementor-element-87e9563 elementor-widget elementor-widget-spacer\" data-id=\"87e9563\" data-element_type=\"widget\" data-e-type=\"widget\" data-widget_type=\"spacer.default\">\n\t\t\t\t<div class=\"elementor-widget-container\">\n\t\t\t\t\t\t\t<div class=\"elementor-spacer\">\n\t\t\t<div class=\"elementor-spacer-inner\"><\/div>\n\t\t<\/div>\n\t\t\t\t\t\t<\/div>\n\t\t\t\t<\/div>\n\t\t\t\t\t<\/div>\n\t\t<\/div>\n\t\t\t\t\t<\/div>\n\t\t<\/section>\n\t\t\t\t<section class=\"elementor-section elementor-top-section elementor-element elementor-element-4f78152 elementor-section-boxed elementor-section-height-default elementor-section-height-default\" data-id=\"4f78152\" data-element_type=\"section\" data-e-type=\"section\" data-settings=\"{&quot;_ha_eqh_enable&quot;:false}\">\n\t\t\t\t\t\t<div class=\"elementor-container elementor-column-gap-default\">\n\t\t\t\t\t<div class=\"elementor-column elementor-col-100 elementor-top-column elementor-element elementor-element-4c3398b\" data-id=\"4c3398b\" data-element_type=\"column\" data-e-type=\"column\" data-settings=\"{&quot;background_background&quot;:&quot;classic&quot;}\">\n\t\t\t<div class=\"elementor-widget-wrap elementor-element-populated\">\n\t\t\t\t\t\t<div class=\"elementor-element elementor-element-6981fb5 elementor-widget elementor-widget-text-editor\" data-id=\"6981fb5\" data-element_type=\"widget\" data-e-type=\"widget\" data-widget_type=\"text-editor.default\">\n\t\t\t\t<div class=\"elementor-widget-container\">\n\t\t\t\t\t\t\t\t\t<p>Nous sommes un groupe de non sachant, ayant pour connaissance du monde immobilier, notre expertise du quotidien fond\u00e9e sur la pratique et l&rsquo;usage des nos habitats pass\u00e9s. Il a fallu nous entourer, et nous avons trouv\u00e9 trois complices de \u00ab\u00a0jeu\u00a0\u00bb \u00e0 la hauteur de l&rsquo;enjeu : le coop\u00e9rative HLM Coopimmo, la coop\u00e9rative d&rsquo;architecture ArchiEthic et le bailleur social Habitat et Humanisme. <br \/>Nous avons tous fait des pas de c\u00f4t\u00e9 pour trouver la bonne mani\u00e8re de travailler ensemble et \u00e9tablir un lien de confiance.<\/p>\t\t\t\t\t\t\t\t<\/div>\n\t\t\t\t<\/div>\n\t\t\t\t\t<\/div>\n\t\t<\/div>\n\t\t\t\t\t<\/div>\n\t\t<\/section>\n\t\t\t\t<section class=\"elementor-section elementor-top-section elementor-element elementor-element-e3b4204 elementor-section-boxed elementor-section-height-default elementor-section-height-default\" data-id=\"e3b4204\" data-element_type=\"section\" data-e-type=\"section\" data-settings=\"{&quot;_ha_eqh_enable&quot;:false}\">\n\t\t\t\t\t\t<div class=\"elementor-container elementor-column-gap-default\">\n\t\t\t\t\t<div class=\"elementor-column elementor-col-100 elementor-top-column elementor-element elementor-element-f62da57\" data-id=\"f62da57\" data-element_type=\"column\" data-e-type=\"column\" data-settings=\"{&quot;background_background&quot;:&quot;classic&quot;}\">\n\t\t\t<div class=\"elementor-widget-wrap elementor-element-populated\">\n\t\t\t\t\t\t<div class=\"elementor-element elementor-element-5838649 elementor-widget elementor-widget-spacer\" data-id=\"5838649\" data-element_type=\"widget\" data-e-type=\"widget\" data-widget_type=\"spacer.default\">\n\t\t\t\t<div class=\"elementor-widget-container\">\n\t\t\t\t\t\t\t<div class=\"elementor-spacer\">\n\t\t\t<div class=\"elementor-spacer-inner\"><\/div>\n\t\t<\/div>\n\t\t\t\t\t\t<\/div>\n\t\t\t\t<\/div>\n\t\t\t\t\t<\/div>\n\t\t<\/div>\n\t\t\t\t\t<\/div>\n\t\t<\/section>\n\t\t\t\t<section class=\"elementor-section elementor-top-section elementor-element elementor-element-a7e5a17 elementor-section-boxed elementor-section-height-default elementor-section-height-default\" data-id=\"a7e5a17\" data-element_type=\"section\" data-e-type=\"section\" data-settings=\"{&quot;_ha_eqh_enable&quot;:false}\">\n\t\t\t\t\t\t<div class=\"elementor-container elementor-column-gap-default\">\n\t\t\t\t\t<div class=\"elementor-column elementor-col-66 elementor-top-column elementor-element elementor-element-6076c67\" data-id=\"6076c67\" data-element_type=\"column\" data-e-type=\"column\" data-settings=\"{&quot;background_background&quot;:&quot;classic&quot;}\">\n\t\t\t<div class=\"elementor-widget-wrap elementor-element-populated\">\n\t\t\t\t\t\t<div class=\"elementor-element elementor-element-4c01a80 elementor-widget elementor-widget-heading\" data-id=\"4c01a80\" data-element_type=\"widget\" data-e-type=\"widget\" data-widget_type=\"heading.default\">\n\t\t\t\t<div class=\"elementor-widget-container\">\n\t\t\t\t\t<h2 class=\"elementor-heading-title elementor-size-default\">Partenaires op\u00e9rationnels<\/h2>\t\t\t\t<\/div>\n\t\t\t\t<\/div>\n\t\t\t\t\t<\/div>\n\t\t<\/div>\n\t\t\t\t<div class=\"elementor-column elementor-col-33 elementor-top-column elementor-element elementor-element-e383b86\" data-id=\"e383b86\" data-element_type=\"column\" data-e-type=\"column\">\n\t\t\t<div class=\"elementor-widget-wrap\">\n\t\t\t\t\t\t\t<\/div>\n\t\t<\/div>\n\t\t\t\t\t<\/div>\n\t\t<\/section>\n\t\t\t\t<section class=\"elementor-section elementor-top-section elementor-element elementor-element-500cfe6 elementor-section-boxed elementor-section-height-default elementor-section-height-default\" data-id=\"500cfe6\" data-element_type=\"section\" data-e-type=\"section\" data-settings=\"{&quot;_ha_eqh_enable&quot;:false}\">\n\t\t\t\t\t\t<div class=\"elementor-container elementor-column-gap-default\">\n\t\t\t\t\t<div class=\"elementor-column elementor-col-66 elementor-top-column elementor-element elementor-element-18ac6bb\" data-id=\"18ac6bb\" data-element_type=\"column\" data-e-type=\"column\" data-settings=\"{&quot;background_background&quot;:&quot;classic&quot;}\">\n\t\t\t<div class=\"elementor-widget-wrap elementor-element-populated\">\n\t\t\t\t\t\t<div class=\"elementor-element elementor-element-cf01826 elementor-widget elementor-widget-text-editor\" data-id=\"cf01826\" data-element_type=\"widget\" data-e-type=\"widget\" data-widget_type=\"text-editor.default\">\n\t\t\t\t<div class=\"elementor-widget-container\">\n\t\t\t\t\t\t\t\t\t<p><strong>Coop\u00e9rative Coopimmo &#8211; <a href=\"https:\/\/www.coopimmo.com\/\">lien<\/a><\/strong><br \/>Nous leur avons d\u00e9l\u00e9gu\u00e9 la maitrise d&rsquo;ouvrage.<br \/>Nous leur avons confi\u00e9 l&rsquo;ing\u00e9nierie juridique et financi\u00e8re. <br \/>Ils ont achet\u00e9 le foncier \u00e0 la ville de Paris.<br \/>Coopimmo est soci\u00e9taire de la coop\u00e9rative UTOP.<\/p><p><strong>Coop\u00e9rative ArchiEthic<\/strong><br \/>Ils ont r\u00e9alis\u00e9 le programme architectural<br \/>Ils ont assur\u00e9 l&rsquo;assitance \u00e0 maitrise d&rsquo;usage avec brio<br \/>Ils nous ont transmis des savoirs sur les coop\u00e9ratives d&rsquo;habitants (En France et en Suisse), sur le mouvement coop\u00e9ratif.<\/p><p><strong>Habitat et Humanisme &#8211; <a href=\"https:\/\/www.habitat-humanisme.org\/associations\/habitat-humanisme-ile-de-france\/\">lien<\/a><\/strong><br \/>G\u00e8re 3 logements pour m\u00e8res isol\u00e9s.<br \/>Ont constitu\u00e9 un apport pour que la coop\u00e9rative puisse emprunter. <br \/>Permet d&rsquo;\u00e9viter un entre-soi.<\/p><p><strong>La Ville de Paris &#8211; <a href=\"https:\/\/www.paris.fr\/\">lien<\/a><\/strong><br \/>A mis en place un appel \u00e0 projets pour cr\u00e9er de l&rsquo;habitat participatif<br \/>A mis en place un accompagnement des groupes candidats<br \/>A fait l&rsquo;ing\u00e9nierie juridique pour les APL<br \/>A garanti le pr\u00eat pour la construction et le pr\u00eat pour l&rsquo;achat du foncier.<\/p><p><strong>La banque coop\u00e9rative Caisse d&rsquo;\u00e9pargne Ile de France &#8211; <a href=\"https:\/\/www.caisse-epargne.fr\/ile-de-france\/\">lien<\/a><\/strong><br \/>D\u00e9blocage du pr\u00eat PLS pour la construction<\/p><p><strong>La Caisse des d\u00e9pots &#8211; <a href=\"https:\/\/www.caissedesdepots.fr\/\">lien<\/a><\/strong><br \/>Ils ont d\u00e9bloqu\u00e9 le pr\u00eat pour l&rsquo;achat du terrain.<\/p>\t\t\t\t\t\t\t\t<\/div>\n\t\t\t\t<\/div>\n\t\t\t\t\t<\/div>\n\t\t<\/div>\n\t\t\t\t<div class=\"elementor-column elementor-col-33 elementor-top-column elementor-element elementor-element-d644cdf\" data-id=\"d644cdf\" data-element_type=\"column\" data-e-type=\"column\" data-settings=\"{&quot;background_background&quot;:&quot;classic&quot;}\">\n\t\t\t<div class=\"elementor-widget-wrap elementor-element-populated\">\n\t\t\t\t\t\t<div class=\"elementor-element elementor-element-c7d5ee8 ha-has-bg-overlay elementor-widget elementor-widget-heading\" data-id=\"c7d5ee8\" data-element_type=\"widget\" data-e-type=\"widget\" data-widget_type=\"heading.default\">\n\t\t\t\t<div class=\"elementor-widget-container\">\n\t\t\t\t\t<h2 class=\"elementor-heading-title elementor-size-default\">M\u00e9c\u00e9nat financier<\/h2>\t\t\t\t<\/div>\n\t\t\t\t<\/div>\n\t\t\t\t<div class=\"elementor-element elementor-element-292ba99 elementor-widget elementor-widget-text-editor\" data-id=\"292ba99\" data-element_type=\"widget\" data-e-type=\"widget\" data-widget_type=\"text-editor.default\">\n\t\t\t\t<div class=\"elementor-widget-container\">\n\t\t\t\t\t\t\t\t\t<ul><li><a href=\"https:\/\/www.fondationdefrance.org\/fr\/\">Fondation de France<\/a><\/li><li><a href=\"https:\/\/www.fondation-macif.org\/\">Fondation Macif<\/a><\/li><li><a href=\"https:\/\/www.fdlux.lu\/\">Fondation du Luxembourg<\/a><\/li><\/ul>\t\t\t\t\t\t\t\t<\/div>\n\t\t\t\t<\/div>\n\t\t\t\t<div class=\"elementor-element elementor-element-3bebe3f ha-has-bg-overlay elementor-widget elementor-widget-heading\" data-id=\"3bebe3f\" data-element_type=\"widget\" data-e-type=\"widget\" data-widget_type=\"heading.default\">\n\t\t\t\t<div class=\"elementor-widget-container\">\n\t\t\t\t\t<h2 class=\"elementor-heading-title elementor-size-default\">M\u00e9c\u00e9nat de comp\u00e9tences<\/h2>\t\t\t\t<\/div>\n\t\t\t\t<\/div>\n\t\t\t\t<div class=\"elementor-element elementor-element-1a71ff9 elementor-widget elementor-widget-text-editor\" data-id=\"1a71ff9\" data-element_type=\"widget\" data-e-type=\"widget\" data-widget_type=\"text-editor.default\">\n\t\t\t\t<div class=\"elementor-widget-container\">\n\t\t\t\t\t\t\t\t\t<ul><li>Xavier Milleron sur les sujets de la comptabilit\u00e9, la gestion d&rsquo;un bien immobilier, et l&rsquo;outillage.<\/li><\/ul>\t\t\t\t\t\t\t\t<\/div>\n\t\t\t\t<\/div>\n\t\t\t\t<div class=\"elementor-element elementor-element-d3c667b ha-has-bg-overlay elementor-widget elementor-widget-heading\" data-id=\"d3c667b\" data-element_type=\"widget\" data-e-type=\"widget\" data-widget_type=\"heading.default\">\n\t\t\t\t<div class=\"elementor-widget-container\">\n\t\t\t\t\t<h2 class=\"elementor-heading-title elementor-size-default\">Soutien<\/h2>\t\t\t\t<\/div>\n\t\t\t\t<\/div>\n\t\t\t\t<div class=\"elementor-element elementor-element-e13efbc elementor-widget elementor-widget-text-editor\" data-id=\"e13efbc\" data-element_type=\"widget\" data-e-type=\"widget\" data-widget_type=\"text-editor.default\">\n\t\t\t\t<div class=\"elementor-widget-container\">\n\t\t\t\t\t\t\t\t\t<ul><li><a href=\"https:\/\/www.habicoop.fr\/\">La f\u00e9d\u00e9ration fran\u00e7aise des coop\u00e9ratives d&rsquo;habitants Habicoop<\/a><br \/>Merci \u00e0 eux pour le soutien, leur apport en connaissances. On esp\u00e8re faire des choses ensemble \u00e0 l&rsquo;avenir.<\/li><\/ul>\t\t\t\t\t\t\t\t<\/div>\n\t\t\t\t<\/div>\n\t\t\t\t\t<\/div>\n\t\t<\/div>\n\t\t\t\t\t<\/div>\n\t\t<\/section>\n\t\t\t\t<\/div>\n\t\t","protected":false},"excerpt":{"rendered":"<p>Nous sommes un groupe de non sachant, ayant pour connaissance du monde immobilier, notre expertise du quotidien fond\u00e9e sur la pratique et l&rsquo;usage des nos habitats pass\u00e9s. Il a fallu nous entourer, et nous avons trouv\u00e9 trois complices de \u00ab\u00a0jeu\u00a0\u00bb \u00e0 la hauteur de l&rsquo;enjeu : le coop\u00e9rative HLM Coopimmo, la coop\u00e9rative d&rsquo;architecture ArchiEthic et [&hellip;]<\/p>\n","protected":false},"author":1,"featured_media":0,"parent":0,"menu_order":4,"comment_status":"closed","ping_status":"closed","template":"","meta":{"site-sidebar-layout":"no-sidebar","site-content-layout":"page-builder","ast-site-content-layout":"default","site-content-style":"default","site-sidebar-style":"default","ast-global-header-display":"","ast-banner-title-visibility":"","ast-main-header-display":"","ast-hfb-above-header-display":"","ast-hfb-below-header-display":"","ast-hfb-mobile-header-display":"","site-post-title":"disabled","ast-breadcrumbs-content":"","ast-featured-img":"disabled","footer-sml-layout":"","ast-disable-related-posts":"","theme-transparent-header-meta":"","adv-header-id-meta":"","stick-header-meta":"","header-above-stick-meta":"","header-main-stick-meta":"","header-below-stick-meta":"","astra-migrate-meta-layouts":"default","ast-page-background-enabled":"default","ast-page-background-meta":{"desktop":{"background-color":"var(--ast-global-color-4)","background-image":"","background-repeat":"repeat","background-position":"center center","background-size":"auto","background-attachment":"scroll","background-type":"","background-media":"","overlay-type":"","overlay-color":"","overlay-opacity":"","overlay-gradient":""},"tablet":{"background-color":"","background-image":"","background-repeat":"repeat","background-position":"center center","background-size":"auto","background-attachment":"scroll","background-type":"","background-media":"","overlay-type":"","overlay-color":"","overlay-opacity":"","overlay-gradient":""},"mobile":{"background-color":"","background-image":"","background-repeat":"repeat","background-position":"center center","background-size":"auto","background-attachment":"scroll","background-type":"","background-media":"","overlay-type":"","overlay-color":"","overlay-opacity":"","overlay-gradient":""}},"ast-content-background-meta":{"desktop":{"background-color":"var(--ast-global-color-5)","background-image":"","background-repeat":"repeat","background-position":"center center","background-size":"auto","background-attachment":"scroll","background-type":"","background-media":"","overlay-type":"","overlay-color":"","overlay-opacity":"","overlay-gradient":""},"tablet":{"background-color":"var(--ast-global-color-5)","background-image":"","background-repeat":"repeat","background-position":"center center","background-size":"auto","background-attachment":"scroll","background-type":"","background-media":"","overlay-type":"","overlay-color":"","overlay-opacity":"","overlay-gradient":""},"mobile":{"background-color":"var(--ast-global-color-5)","background-image":"","background-repeat":"repeat","background-position":"center center","background-size":"auto","background-attachment":"scroll","background-type":"","background-media":"","overlay-type":"","overlay-color":"","overlay-opacity":"","overlay-gradient":""}},"footnotes":""},"class_list":["post-201","page","type-page","status-publish","hentry"],"_links":{"self":[{"href":"https:\/\/coop-utop.fr\/blog\/wp-json\/wp\/v2\/pages\/201","targetHints":{"allow":["GET"]}}],"collection":[{"href":"https:\/\/coop-utop.fr\/blog\/wp-json\/wp\/v2\/pages"}],"about":[{"href":"https:\/\/coop-utop.fr\/blog\/wp-json\/wp\/v2\/types\/page"}],"author":[{"embeddable":true,"href":"https:\/\/coop-utop.fr\/blog\/wp-json\/wp\/v2\/users\/1"}],"replies":[{"embeddable":true,"href":"https:\/\/coop-utop.fr\/blog\/wp-json\/wp\/v2\/comments?post=201"}],"version-history":[{"count":61,"href":"https:\/\/coop-utop.fr\/blog\/wp-json\/wp\/v2\/pages\/201\/revisions"}],"predecessor-version":[{"id":1416,"href":"https:\/\/coop-utop.fr\/blog\/wp-json\/wp\/v2\/pages\/201\/revisions\/1416"}],"wp:attachment":[{"href":"https:\/\/coop-utop.fr\/blog\/wp-json\/wp\/v2\/media?parent=201"}],"curies":[{"name":"wp","href":"https:\/\/api.w.org\/{rel}","templated":true}]}}