{"id":21,"date":"2024-02-27T17:58:44","date_gmt":"2024-02-27T17:58:44","guid":{"rendered":"https:\/\/coop-utop.fr\/blog\/?page_id=21"},"modified":"2025-02-03T20:23:53","modified_gmt":"2025-02-03T20:23:53","slug":"projetutop","status":"publish","type":"page","link":"https:\/\/coop-utop.fr\/blog\/projetutop\/","title":{"rendered":"Le projet UTOP"},"content":{"rendered":"\t\t<div data-elementor-type=\"wp-post\" data-elementor-id=\"21\" class=\"elementor elementor-21\" data-elementor-settings=\"{&quot;ha_cmc_init_switcher&quot;:&quot;no&quot;}\">\n\t\t\t\t\t\t<section class=\"elementor-section elementor-top-section elementor-element elementor-element-7900da4 elementor-section-boxed elementor-section-height-default elementor-section-height-default\" data-id=\"7900da4\" data-element_type=\"section\" data-e-type=\"section\" data-settings=\"{&quot;_ha_eqh_enable&quot;:false}\">\n\t\t\t\t\t\t<div class=\"elementor-container elementor-column-gap-default\">\n\t\t\t\t\t<div class=\"elementor-column elementor-col-100 elementor-top-column elementor-element elementor-element-4e43071\" data-id=\"4e43071\" data-element_type=\"column\" data-e-type=\"column\">\n\t\t\t<div class=\"elementor-widget-wrap elementor-element-populated\">\n\t\t\t\t\t\t<div class=\"elementor-element elementor-element-065ae64 elementor-widget elementor-widget-spacer\" data-id=\"065ae64\" data-element_type=\"widget\" data-e-type=\"widget\" data-widget_type=\"spacer.default\">\n\t\t\t\t<div class=\"elementor-widget-container\">\n\t\t\t\t\t\t\t<div class=\"elementor-spacer\">\n\t\t\t<div class=\"elementor-spacer-inner\"><\/div>\n\t\t<\/div>\n\t\t\t\t\t\t<\/div>\n\t\t\t\t<\/div>\n\t\t\t\t\t<\/div>\n\t\t<\/div>\n\t\t\t\t\t<\/div>\n\t\t<\/section>\n\t\t\t\t<section class=\"elementor-section elementor-top-section elementor-element elementor-element-1472d55 elementor-section-boxed elementor-section-height-default elementor-section-height-default\" data-id=\"1472d55\" data-element_type=\"section\" data-e-type=\"section\" data-settings=\"{&quot;_ha_eqh_enable&quot;:false}\">\n\t\t\t\t\t\t<div class=\"elementor-container elementor-column-gap-default\">\n\t\t\t\t\t<div class=\"elementor-column elementor-col-100 elementor-top-column elementor-element elementor-element-a1d70f2\" data-id=\"a1d70f2\" data-element_type=\"column\" data-e-type=\"column\">\n\t\t\t<div class=\"elementor-widget-wrap elementor-element-populated\">\n\t\t\t\t\t\t<div class=\"elementor-element elementor-element-3971d8b elementor-widget elementor-widget-spacer\" data-id=\"3971d8b\" data-element_type=\"widget\" data-e-type=\"widget\" data-widget_type=\"spacer.default\">\n\t\t\t\t<div class=\"elementor-widget-container\">\n\t\t\t\t\t\t\t<div class=\"elementor-spacer\">\n\t\t\t<div class=\"elementor-spacer-inner\"><\/div>\n\t\t<\/div>\n\t\t\t\t\t\t<\/div>\n\t\t\t\t<\/div>\n\t\t\t\t\t<\/div>\n\t\t<\/div>\n\t\t\t\t\t<\/div>\n\t\t<\/section>\n\t\t\t\t<section class=\"elementor-section elementor-top-section elementor-element elementor-element-ce57025 elementor-section-boxed elementor-section-height-default elementor-section-height-default\" data-id=\"ce57025\" data-element_type=\"section\" data-e-type=\"section\" data-settings=\"{&quot;_ha_eqh_enable&quot;:false}\">\n\t\t\t\t\t\t<div class=\"elementor-container elementor-column-gap-default\">\n\t\t\t\t\t<div class=\"elementor-column elementor-col-50 elementor-top-column elementor-element elementor-element-0db3143\" data-id=\"0db3143\" data-element_type=\"column\" data-e-type=\"column\" data-settings=\"{&quot;background_background&quot;:&quot;classic&quot;}\">\n\t\t\t<div class=\"elementor-widget-wrap elementor-element-populated\">\n\t\t\t\t\t\t<div class=\"elementor-element elementor-element-4d45c18 elementor-widget elementor-widget-heading\" data-id=\"4d45c18\" data-element_type=\"widget\" data-e-type=\"widget\" data-widget_type=\"heading.default\">\n\t\t\t\t<div class=\"elementor-widget-container\">\n\t\t\t\t\t<h2 class=\"elementor-heading-title elementor-size-default\">Le sens du projet<\/h2>\t\t\t\t<\/div>\n\t\t\t\t<\/div>\n\t\t\t\t\t<\/div>\n\t\t<\/div>\n\t\t\t\t<div class=\"elementor-column elementor-col-50 elementor-top-column elementor-element elementor-element-46a5d07\" data-id=\"46a5d07\" data-element_type=\"column\" data-e-type=\"column\" data-settings=\"{&quot;background_background&quot;:&quot;classic&quot;}\">\n\t\t\t<div class=\"elementor-widget-wrap\">\n\t\t\t\t\t\t\t<\/div>\n\t\t<\/div>\n\t\t\t\t\t<\/div>\n\t\t<\/section>\n\t\t\t\t<section class=\"elementor-section elementor-top-section elementor-element elementor-element-9d272db elementor-section-boxed elementor-section-height-default elementor-section-height-default\" data-id=\"9d272db\" data-element_type=\"section\" data-e-type=\"section\" data-settings=\"{&quot;_ha_eqh_enable&quot;:false}\">\n\t\t\t\t\t\t<div class=\"elementor-container elementor-column-gap-default\">\n\t\t\t\t\t<div class=\"elementor-column elementor-col-50 elementor-top-column elementor-element elementor-element-34c2f49\" data-id=\"34c2f49\" data-element_type=\"column\" data-e-type=\"column\" data-settings=\"{&quot;background_background&quot;:&quot;classic&quot;}\">\n\t\t\t<div class=\"elementor-widget-wrap elementor-element-populated\">\n\t\t\t\t\t\t<div class=\"elementor-element elementor-element-f0a6fcb elementor-widget elementor-widget-text-editor\" data-id=\"f0a6fcb\" data-element_type=\"widget\" data-e-type=\"widget\" data-widget_type=\"text-editor.default\">\n\t\t\t\t<div class=\"elementor-widget-container\">\n\t\t\t\t\t\t\t\t\t<p><strong>Construite un habitat abordable, accessible aux personnes \u00e9ligibles au logement social<\/strong> <br \/>Un habitat anti-sp\u00e9culatif (= pas de propri\u00e9t\u00e9 priv\u00e9e individuelle)<br \/>Dissociation foncier &#8211; b\u00e2ti<br \/>Pr\u00eat logement social PLS<br \/>Prix des parts sociales peu \u00e9lev\u00e9es<br \/>Des solutions low-tech<\/p><p><strong>Vivre dans un habitat empreint de solidarit\u00e9 et d&rsquo;entraides<\/strong><br \/>Cr\u00e9er des paliers de redevances (loyers) qui correspondent aux revenus des m\u00e9nages (PLS-10% ; PLS-25%)<br \/>Cr\u00e9ation d&rsquo;une caisse de solidarit\u00e9 d&rsquo;impay\u00e9s<br \/>Une propri\u00e9t\u00e9 collective<\/p><p><strong>Apprendre, faire d\u00e9mocratie et lutter contre les enjeux de pouvoir<\/strong><br \/>Apprentissage en commun un tas de choses dont on nous dit que c&rsquo;est trop compliqu\u00e9<br \/>Mise place d&rsquo;une gouvernance int\u00e9grative<br \/>Pas de vote mais des d\u00e9cisions prise consentement (= la d\u00e9cision est valid\u00e9e s&rsquo;il n&rsquo;y a aucune objection n\u00e9cessite un temps de mont\u00e9e en connaissance sur des sujets pour prendre une d\u00e9cision \u00e9clair\u00e9 =\u00e9mancipateur ; tout le monde au m\u00eame niveau de connaissance = pas d&rsquo;enjeu de pouvoir&#8230;)<br \/>Eviter les \u00ab\u00a0chasses gard\u00e9es\u00a0\u00bb, les informations qui ne circulent pas et les \u00ab\u00a0tu es comp\u00e9tent pour \u00e7a alors tu vas t&rsquo;en occuper\u00a0\u00bb = lutte contre les enjeux de pouvoir <br \/>La fonction de pr\u00e9sident.e est vid\u00e9e de son sens. Toutes les prises de d\u00e9cision sont coll\u00e9giales.<\/p><p><strong>Vivre dans un habitat convivial<\/strong><br \/>Cr\u00e9ation d&rsquo;espaces collectifs g\u00e9n\u00e9reux qui permettent de se connaitre<\/p><p><strong>Reconnaitre la maitrise d&rsquo;usage<br \/><\/strong>Le logement, la fabrique de la ville ne sont pas uniquement une affaire d&rsquo;experts<br \/>Des habitants qui ont co-con\u00e7u leur habitat avec l&rsquo;aide d&rsquo;un professionnel<\/p><p><strong>Mutualiser un maximum<\/strong><br \/>Des services (internet, achat alimentaire&#8230;) et des biens (outils&#8230;)<br \/>Une buanderie<\/p><p><strong>Construire un habitat \u00e9cologique<\/strong><br \/>Un b\u00e2timent bioclimatique (Nord-Sud)<br \/>des solutions low-tech appropriables par les habitants<br \/>Fa\u00e7ades sud et toit v\u00e9g\u00e9talis\u00e9es<br \/>Isolation (en janvier certains m\u00e9nages n&rsquo;ont pas encore ouvert leur radiateur)<br \/>Un habitat tr\u00e8s lumineux (=peu de lumi\u00e8re artificielle)<\/p><p><strong>L&rsquo;ouverture sur le quartier (onglet vie associative)<\/strong><br \/>Cr\u00e9ation de la salle commune\/associative (=la past\u00e8que) qui est largement ouverte aux habitants, associations du quartier<br \/>La Past\u00e8que est un lieu ressources (des r\u00e9unions sont possibles pour des amicales de locataires qui n&rsquo;ont pas de salle pour se r\u00e9unir, co-cr\u00e9er des \u00e9v\u00e8nements festifs, engag\u00e9s, p\u00e9dagogiques pour tous les publics&#8230;)<\/p>\t\t\t\t\t\t\t\t<\/div>\n\t\t\t\t<\/div>\n\t\t\t\t\t<\/div>\n\t\t<\/div>\n\t\t\t\t<div class=\"elementor-column elementor-col-50 elementor-top-column elementor-element elementor-element-bf10345\" data-id=\"bf10345\" data-element_type=\"column\" data-e-type=\"column\" data-settings=\"{&quot;background_background&quot;:&quot;classic&quot;}\">\n\t\t\t<div class=\"elementor-widget-wrap elementor-element-populated\">\n\t\t\t\t\t\t<div class=\"elementor-element elementor-element-3d931b9 ha-has-bg-overlay elementor-widget elementor-widget-heading\" data-id=\"3d931b9\" data-element_type=\"widget\" data-e-type=\"widget\" data-widget_type=\"heading.default\">\n\t\t\t\t<div class=\"elementor-widget-container\">\n\t\t\t\t\t<h2 class=\"elementor-heading-title elementor-size-default\">De la documentation<\/h2>\t\t\t\t<\/div>\n\t\t\t\t<\/div>\n\t\t\t\t<div class=\"elementor-element elementor-element-1a7ed6f elementor-widget elementor-widget-text-editor\" data-id=\"1a7ed6f\" data-element_type=\"widget\" data-e-type=\"widget\" data-widget_type=\"text-editor.default\">\n\t\t\t\t<div class=\"elementor-widget-container\">\n\t\t\t\t\t\t\t\t\t<ul><li><a href=\"https:\/\/coop-utop.fr\/blog\/wp-content\/uploads\/2025\/01\/statuts-01-2020.pdf\">Les statuts de la coop\u00e9rative<\/a><\/li><li>Le montage juridique et financier<\/li><li>le programme architectural<\/li><li><a href=\"https:\/\/coop-utop.fr\/blog\/frise-chrono\/\">une frise chronologique<\/a><\/li><\/ul><p><strong>Presse et autres documents<br \/><\/strong><\/p><ul><li>Bient\u00f4t, Podcast sur Dixit.net<\/li><li><a href=\"https:\/\/www.challenges.fr\/immobilier\/construire-un-logement-abordable-a-paris-cest-possible-la-preuve-avec-cet-habitat-participatif_597586\">Challenges<\/a>, 2025<\/li><li><a href=\"https:\/\/www.leparisien.fr\/immobilier\/17-logements-22-adultes-et-19-enfants-bienvenue-dans-le-premier-immeuble-cooperatif-a-paris-05-06-2024-X637M6UKHZGK3GISWYFGAU65SE.php\">Le Parisien<\/a>, 2024<\/li><li><a href=\"https:\/\/anousparis.fr\/immobilier-paris\/paris-reinvente-immobilier-premier-immeuble-cooperatif-40888\">\u00c0 nous Paris<\/a>, 2024<\/li><li><a href=\"https:\/\/coop-utop.fr\/blog\/wp-content\/uploads\/2023\/03\/Presentation_UTOP_web.pdf\">Pr\u00e9sentation Utop Web<\/a> &#8211; Mai 2019<\/li><li><a href=\"https:\/\/coop-utop.fr\/blog\/wp-content\/uploads\/2023\/03\/2016-09-07-1523@FUTURIBLES.pdf\">Article Futurilbles<\/a> &#8211; Septembre 2016<\/li><li><a href=\"https:\/\/coop-utop.fr\/blog\/le-manifeste-de-larsenal-2016\/\">Le manifeste lu \u00e0 l&rsquo;arsenal lors de l&rsquo;exposition sur les projets de l&rsquo;habitat participatif<\/a><\/li><li><a href=\"https:\/\/coop-utop.fr\/blog\/texte-de-loral-2016\/\">Le texte lu lors de l&rsquo;oral de 2016<\/a> \u00e0 la Mairie de Paris<\/li><li><a href=\"https:\/\/coop-utop.fr\/blog\/wp-content\/uploads\/2023\/03\/Article-Le-Monde-6092014.pdf\">Article du Monde<\/a> &#8211; Septembre 2014<\/li><\/ul>\t\t\t\t\t\t\t\t<\/div>\n\t\t\t\t<\/div>\n\t\t\t\t\t<\/div>\n\t\t<\/div>\n\t\t\t\t\t<\/div>\n\t\t<\/section>\n\t\t\t\t<\/div>\n\t\t","protected":false},"excerpt":{"rendered":"<p>Le sens du projet Construite un habitat abordable, accessible aux personnes \u00e9ligibles au logement social Un habitat anti-sp\u00e9culatif (= pas de propri\u00e9t\u00e9 priv\u00e9e individuelle)Dissociation foncier &#8211; b\u00e2tiPr\u00eat logement social PLSPrix des parts sociales peu \u00e9lev\u00e9esDes solutions low-tech Vivre dans un habitat empreint de solidarit\u00e9 et d&rsquo;entraidesCr\u00e9er des paliers de redevances (loyers) qui correspondent aux revenus [&hellip;]<\/p>\n","protected":false},"author":8,"featured_media":0,"parent":0,"menu_order":1,"comment_status":"closed","ping_status":"closed","template":"","meta":{"site-sidebar-layout":"no-sidebar","site-content-layout":"page-builder","ast-site-content-layout":"default","site-content-style":"default","site-sidebar-style":"default","ast-global-header-display":"","ast-banner-title-visibility":"","ast-main-header-display":"","ast-hfb-above-header-display":"","ast-hfb-below-header-display":"","ast-hfb-mobile-header-display":"","site-post-title":"disabled","ast-breadcrumbs-content":"","ast-featured-img":"disabled","footer-sml-layout":"","ast-disable-related-posts":"","theme-transparent-header-meta":"","adv-header-id-meta":"","stick-header-meta":"","header-above-stick-meta":"","header-main-stick-meta":"","header-below-stick-meta":"","astra-migrate-meta-layouts":"default","ast-page-background-enabled":"default","ast-page-background-meta":{"desktop":{"background-color":"var(--ast-global-color-4)","background-image":"","background-repeat":"repeat","background-position":"center center","background-size":"auto","background-attachment":"scroll","background-type":"","background-media":"","overlay-type":"","overlay-color":"","overlay-opacity":"","overlay-gradient":""},"tablet":{"background-color":"","background-image":"","background-repeat":"repeat","background-position":"center center","background-size":"auto","background-attachment":"scroll","background-type":"","background-media":"","overlay-type":"","overlay-color":"","overlay-opacity":"","overlay-gradient":""},"mobile":{"background-color":"","background-image":"","background-repeat":"repeat","background-position":"center center","background-size":"auto","background-attachment":"scroll","background-type":"","background-media":"","overlay-type":"","overlay-color":"","overlay-opacity":"","overlay-gradient":""}},"ast-content-background-meta":{"desktop":{"background-color":"var(--ast-global-color-5)","background-image":"","background-repeat":"repeat","background-position":"center center","background-size":"auto","background-attachment":"scroll","background-type":"","background-media":"","overlay-type":"","overlay-color":"","overlay-opacity":"","overlay-gradient":""},"tablet":{"background-color":"var(--ast-global-color-5)","background-image":"","background-repeat":"repeat","background-position":"center center","background-size":"auto","background-attachment":"scroll","background-type":"","background-media":"","overlay-type":"","overlay-color":"","overlay-opacity":"","overlay-gradient":""},"mobile":{"background-color":"var(--ast-global-color-5)","background-image":"","background-repeat":"repeat","background-position":"center center","background-size":"auto","background-attachment":"scroll","background-type":"","background-media":"","overlay-type":"","overlay-color":"","overlay-opacity":"","overlay-gradient":""}},"footnotes":""},"class_list":["post-21","page","type-page","status-publish","hentry"],"_links":{"self":[{"href":"https:\/\/coop-utop.fr\/blog\/wp-json\/wp\/v2\/pages\/21","targetHints":{"allow":["GET"]}}],"collection":[{"href":"https:\/\/coop-utop.fr\/blog\/wp-json\/wp\/v2\/pages"}],"about":[{"href":"https:\/\/coop-utop.fr\/blog\/wp-json\/wp\/v2\/types\/page"}],"author":[{"embeddable":true,"href":"https:\/\/coop-utop.fr\/blog\/wp-json\/wp\/v2\/users\/8"}],"replies":[{"embeddable":true,"href":"https:\/\/coop-utop.fr\/blog\/wp-json\/wp\/v2\/comments?post=21"}],"version-history":[{"count":181,"href":"https:\/\/coop-utop.fr\/blog\/wp-json\/wp\/v2\/pages\/21\/revisions"}],"predecessor-version":[{"id":1445,"href":"https:\/\/coop-utop.fr\/blog\/wp-json\/wp\/v2\/pages\/21\/revisions\/1445"}],"wp:attachment":[{"href":"https:\/\/coop-utop.fr\/blog\/wp-json\/wp\/v2\/media?parent=21"}],"curies":[{"name":"wp","href":"https:\/\/api.w.org\/{rel}","templated":true}]}}