{"id":81,"date":"2023-02-01T21:54:02","date_gmt":"2023-02-01T21:54:02","guid":{"rendered":"https:\/\/coop-utop.fr\/blog\/?page_id=81"},"modified":"2026-03-13T20:34:25","modified_gmt":"2026-03-13T20:34:25","slug":"contact","status":"publish","type":"page","link":"https:\/\/coop-utop.fr\/blog\/contact\/","title":{"rendered":"Contact"},"content":{"rendered":"\t\t<div data-elementor-type=\"wp-page\" data-elementor-id=\"81\" class=\"elementor elementor-81\" data-elementor-settings=\"{&quot;ha_cmc_init_switcher&quot;:&quot;no&quot;}\">\n\t\t\t\t\t\t<section class=\"elementor-section elementor-top-section elementor-element elementor-element-f0bb34e elementor-section-boxed elementor-section-height-default elementor-section-height-default\" data-id=\"f0bb34e\" data-element_type=\"section\" data-e-type=\"section\" data-settings=\"{&quot;_ha_eqh_enable&quot;:false}\">\n\t\t\t\t\t\t<div class=\"elementor-container elementor-column-gap-default\">\n\t\t\t\t\t<div class=\"elementor-column elementor-col-100 elementor-top-column elementor-element elementor-element-8910b09\" data-id=\"8910b09\" data-element_type=\"column\" data-e-type=\"column\">\n\t\t\t<div class=\"elementor-widget-wrap elementor-element-populated\">\n\t\t\t\t\t\t<div class=\"elementor-element elementor-element-e2fb4ac elementor-widget elementor-widget-spacer\" data-id=\"e2fb4ac\" data-element_type=\"widget\" data-e-type=\"widget\" data-widget_type=\"spacer.default\">\n\t\t\t\t<div class=\"elementor-widget-container\">\n\t\t\t\t\t\t\t<div class=\"elementor-spacer\">\n\t\t\t<div class=\"elementor-spacer-inner\"><\/div>\n\t\t<\/div>\n\t\t\t\t\t\t<\/div>\n\t\t\t\t<\/div>\n\t\t\t\t\t<\/div>\n\t\t<\/div>\n\t\t\t\t\t<\/div>\n\t\t<\/section>\n\t\t\t\t<section class=\"elementor-section elementor-top-section elementor-element elementor-element-3c2c683 elementor-section-boxed elementor-section-height-default elementor-section-height-default\" data-id=\"3c2c683\" data-element_type=\"section\" data-e-type=\"section\" data-settings=\"{&quot;_ha_eqh_enable&quot;:false}\">\n\t\t\t\t\t\t<div class=\"elementor-container elementor-column-gap-default\">\n\t\t\t\t\t<div class=\"elementor-column elementor-col-100 elementor-top-column elementor-element elementor-element-62b9e06\" data-id=\"62b9e06\" data-element_type=\"column\" data-e-type=\"column\" data-settings=\"{&quot;background_background&quot;:&quot;classic&quot;}\">\n\t\t\t<div class=\"elementor-widget-wrap elementor-element-populated\">\n\t\t\t\t\t\t<div class=\"elementor-element elementor-element-3bcd0b3 elementor-widget elementor-widget-text-editor\" data-id=\"3bcd0b3\" data-element_type=\"widget\" data-e-type=\"widget\" data-widget_type=\"text-editor.default\">\n\t\t\t\t<div class=\"elementor-widget-container\">\n\t\t\t\t\t\t\t\t\t<p>Que vous soyez \u00e9tudiant, chercheur, journaliste ou simplement ce que vous \u00eates\u2026 si vous \u00eates int\u00e9ress\u00e9 par le projet UTOP et que vous souhaitez en savoir plus, vous pouvez nous envoyer un courriel. Nous serons heureux de r\u00e9pondre \u00e0 vos questions autour d\u2019un verre.<\/p>\n<p>A bient\u00f4t !&nbsp;<\/p>\n<p>Courriel : groupeutop[@]gmail.com<\/p>\n<p><a href=\"https:\/\/www.helloasso.com\/associations\/utop\">Adh\u00e9rer \u00e0 l&rsquo;association<\/a><\/p><p>On vous invite \u00e0 nous suivre sur les r\u00e9seaux F\u00e9d\u00e9r\u00e9s :<\/p>\n<p><a href=\"https:\/\/mastodon.scop.coop\/@UTOP\">Mastodon<\/a><br><a href=\"https:\/\/mobilizon.fr\/@utop\">Mobilizon<br><\/a><br><\/p><p><br><\/p>\t\t\t\t\t\t\t\t<\/div>\n\t\t\t\t<\/div>\n\t\t\t\t\t<\/div>\n\t\t<\/div>\n\t\t\t\t\t<\/div>\n\t\t<\/section>\n\t\t\t\t<\/div>\n\t\t","protected":false},"excerpt":{"rendered":"<p>Que vous soyez \u00e9tudiant, chercheur, journaliste ou simplement ce que vous \u00eates\u2026 si vous \u00eates int\u00e9ress\u00e9 par le projet UTOP et que vous souhaitez en savoir plus, vous pouvez nous envoyer un courriel. Nous serons heureux de r\u00e9pondre \u00e0 vos questions autour d\u2019un verre. A bient\u00f4t !&nbsp; Courriel : groupeutop[@]gmail.com Adh\u00e9rer \u00e0 l&rsquo;association On vous [&hellip;]<\/p>\n","protected":false},"author":8,"featured_media":0,"parent":0,"menu_order":5,"comment_status":"closed","ping_status":"closed","template":"","meta":{"site-sidebar-layout":"no-sidebar","site-content-layout":"page-builder","ast-site-content-layout":"default","site-content-style":"default","site-sidebar-style":"default","ast-global-header-display":"","ast-banner-title-visibility":"","ast-main-header-display":"","ast-hfb-above-header-display":"","ast-hfb-below-header-display":"","ast-hfb-mobile-header-display":"","site-post-title":"disabled","ast-breadcrumbs-content":"","ast-featured-img":"disabled","footer-sml-layout":"","ast-disable-related-posts":"","theme-transparent-header-meta":"","adv-header-id-meta":"","stick-header-meta":"","header-above-stick-meta":"","header-main-stick-meta":"","header-below-stick-meta":"","astra-migrate-meta-layouts":"default","ast-page-background-enabled":"default","ast-page-background-meta":{"desktop":{"background-color":"var(--ast-global-color-4)","background-image":"","background-repeat":"repeat","background-position":"center center","background-size":"auto","background-attachment":"scroll","background-type":"","background-media":"","overlay-type":"","overlay-color":"","overlay-opacity":"","overlay-gradient":""},"tablet":{"background-color":"","background-image":"","background-repeat":"repeat","background-position":"center center","background-size":"auto","background-attachment":"scroll","background-type":"","background-media":"","overlay-type":"","overlay-color":"","overlay-opacity":"","overlay-gradient":""},"mobile":{"background-color":"","background-image":"","background-repeat":"repeat","background-position":"center center","background-size":"auto","background-attachment":"scroll","background-type":"","background-media":"","overlay-type":"","overlay-color":"","overlay-opacity":"","overlay-gradient":""}},"ast-content-background-meta":{"desktop":{"background-color":"var(--ast-global-color-5)","background-image":"","background-repeat":"repeat","background-position":"center center","background-size":"auto","background-attachment":"scroll","background-type":"","background-media":"","overlay-type":"","overlay-color":"","overlay-opacity":"","overlay-gradient":""},"tablet":{"background-color":"var(--ast-global-color-5)","background-image":"","background-repeat":"repeat","background-position":"center center","background-size":"auto","background-attachment":"scroll","background-type":"","background-media":"","overlay-type":"","overlay-color":"","overlay-opacity":"","overlay-gradient":""},"mobile":{"background-color":"var(--ast-global-color-5)","background-image":"","background-repeat":"repeat","background-position":"center center","background-size":"auto","background-attachment":"scroll","background-type":"","background-media":"","overlay-type":"","overlay-color":"","overlay-opacity":"","overlay-gradient":""}},"footnotes":""},"class_list":["post-81","page","type-page","status-publish","hentry"],"_links":{"self":[{"href":"https:\/\/coop-utop.fr\/blog\/wp-json\/wp\/v2\/pages\/81","targetHints":{"allow":["GET"]}}],"collection":[{"href":"https:\/\/coop-utop.fr\/blog\/wp-json\/wp\/v2\/pages"}],"about":[{"href":"https:\/\/coop-utop.fr\/blog\/wp-json\/wp\/v2\/types\/page"}],"author":[{"embeddable":true,"href":"https:\/\/coop-utop.fr\/blog\/wp-json\/wp\/v2\/users\/8"}],"replies":[{"embeddable":true,"href":"https:\/\/coop-utop.fr\/blog\/wp-json\/wp\/v2\/comments?post=81"}],"version-history":[{"count":34,"href":"https:\/\/coop-utop.fr\/blog\/wp-json\/wp\/v2\/pages\/81\/revisions"}],"predecessor-version":[{"id":1746,"href":"https:\/\/coop-utop.fr\/blog\/wp-json\/wp\/v2\/pages\/81\/revisions\/1746"}],"wp:attachment":[{"href":"https:\/\/coop-utop.fr\/blog\/wp-json\/wp\/v2\/media?parent=81"}],"curies":[{"name":"wp","href":"https:\/\/api.w.org\/{rel}","templated":true}]}}